{"id":41,"date":"2015-08-08T18:15:17","date_gmt":"2015-08-08T16:15:17","guid":{"rendered":"http:\/\/kreative-fotos.com\/?page_id=41"},"modified":"2019-10-20T17:41:26","modified_gmt":"2019-10-20T15:41:26","slug":"41-2","status":"publish","type":"page","link":"https:\/\/kreative-fotos.com\/","title":{"rendered":"Kreative-Fotos Bisplinghof"},"content":{"rendered":"<p><strong><span style=\"text-decoration: underline;\">Willkommen auf meiner Homepage<\/span><\/strong><\/p>\n<p>Hier gibt es Bildergalerien und Informationen \u00fcber meine fotografischen Arbeiten.<\/p>\n<p>&nbsp;<\/p>\n<p class=\"jetpack-slideshow-noscript robots-nocontent\">Diese Diashow ben\u00f6tigt JavaScript.<\/p><div id=\"gallery-41-1-slideshow\" class=\"jetpack-slideshow-window jetpack-slideshow jetpack-slideshow-black\" data-trans=\"fade\" data-autostart=\"1\" data-gallery=\"[{&quot;src&quot;:&quot;https:\\\/\\\/i0.wp.com\\\/kreative-fotos.com\\\/wp-content\\\/uploads\\\/2015\\\/08\\\/Galerie-Menschen-6.jpg?fit=640%2C427\\u0026ssl=1&quot;,&quot;id&quot;:&quot;195&quot;,&quot;title&quot;:&quot;Galerie Menschen (6)&quot;,&quot;alt&quot;:&quot;&quot;,&quot;caption&quot;:&quot;Die Mumie (Sein oder Nichtsein)&quot;,&quot;itemprop&quot;:&quot;image&quot;},{&quot;src&quot;:&quot;https:\\\/\\\/i0.wp.com\\\/kreative-fotos.com\\\/wp-content\\\/uploads\\\/2015\\\/08\\\/Galerie-Menschen-2.jpg?fit=640%2C427\\u0026ssl=1&quot;,&quot;id&quot;:&quot;191&quot;,&quot;title&quot;:&quot;Galerie Menschen (2)&quot;,&quot;alt&quot;:&quot;&quot;,&quot;caption&quot;:&quot;Im Kerzenlicht&quot;,&quot;itemprop&quot;:&quot;image&quot;},{&quot;src&quot;:&quot;https:\\\/\\\/i0.wp.com\\\/kreative-fotos.com\\\/wp-content\\\/uploads\\\/2019\\\/09\\\/Ausstellung-28a-klein.jpg?fit=640%2C427\\u0026ssl=1&quot;,&quot;id&quot;:&quot;613&quot;,&quot;title&quot;:&quot;Ausstellung (28a) klein&quot;,&quot;alt&quot;:&quot;&quot;,&quot;caption&quot;:&quot;Ina und das magische Buch&quot;,&quot;itemprop&quot;:&quot;image&quot;},{&quot;src&quot;:&quot;https:\\\/\\\/i0.wp.com\\\/kreative-fotos.com\\\/wp-content\\\/uploads\\\/2017\\\/04\\\/8I4A0933a-mittel.jpg?fit=640%2C427\\u0026ssl=1&quot;,&quot;id&quot;:&quot;602&quot;,&quot;title&quot;:&quot;8I4A0933a mittel&quot;,&quot;alt&quot;:&quot;&quot;,&quot;caption&quot;:&quot;Ina und Anna&quot;,&quot;itemprop&quot;:&quot;image&quot;},{&quot;src&quot;:&quot;https:\\\/\\\/i0.wp.com\\\/kreative-fotos.com\\\/wp-content\\\/uploads\\\/2017\\\/10\\\/Homepage-neu-5.jpg?fit=640%2C404\\u0026ssl=1&quot;,&quot;id&quot;:&quot;447&quot;,&quot;title&quot;:&quot;Homepage neu (5)&quot;,&quot;alt&quot;:&quot;&quot;,&quot;caption&quot;:&quot;Kia und Anna&quot;,&quot;itemprop&quot;:&quot;image&quot;},{&quot;src&quot;:&quot;https:\\\/\\\/i0.wp.com\\\/kreative-fotos.com\\\/wp-content\\\/uploads\\\/2017\\\/04\\\/8I4A0503abc-mittel-1.jpg?fit=640%2C427\\u0026ssl=1&quot;,&quot;id&quot;:&quot;603&quot;,&quot;title&quot;:&quot;8I4A0503abc mittel&quot;,&quot;alt&quot;:&quot;&quot;,&quot;caption&quot;:&quot;Ella und Anna&quot;,&quot;itemprop&quot;:&quot;image&quot;},{&quot;src&quot;:&quot;https:\\\/\\\/i0.wp.com\\\/kreative-fotos.com\\\/wp-content\\\/uploads\\\/2015\\\/08\\\/Galerie-Menschen-und-Tiere-9.jpg?fit=640%2C427\\u0026ssl=1&quot;,&quot;id&quot;:&quot;156&quot;,&quot;title&quot;:&quot;Galerie Menschen und Tiere (9)&quot;,&quot;alt&quot;:&quot;&quot;,&quot;caption&quot;:&quot;Medusa und Anna&quot;,&quot;itemprop&quot;:&quot;image&quot;},{&quot;src&quot;:&quot;https:\\\/\\\/i0.wp.com\\\/kreative-fotos.com\\\/wp-content\\\/uploads\\\/2015\\\/08\\\/Galerie-Tiere-13.jpg?fit=640%2C427\\u0026ssl=1&quot;,&quot;id&quot;:&quot;106&quot;,&quot;title&quot;:&quot;Galerie Tiere (13)&quot;,&quot;alt&quot;:&quot;&quot;,&quot;caption&quot;:&quot;Anna und Emma&quot;,&quot;itemprop&quot;:&quot;image&quot;},{&quot;src&quot;:&quot;https:\\\/\\\/i0.wp.com\\\/kreative-fotos.com\\\/wp-content\\\/uploads\\\/2015\\\/08\\\/Galerie-Tiere-3.jpg?fit=640%2C480\\u0026ssl=1&quot;,&quot;id&quot;:&quot;96&quot;,&quot;title&quot;:&quot;Galerie Tiere (3)&quot;,&quot;alt&quot;:&quot;&quot;,&quot;caption&quot;:&quot;Portrait Anna&quot;,&quot;itemprop&quot;:&quot;image&quot;},{&quot;src&quot;:&quot;https:\\\/\\\/i0.wp.com\\\/kreative-fotos.com\\\/wp-content\\\/uploads\\\/2017\\\/04\\\/IMG_0315b-klein.jpg?fit=640%2C427\\u0026ssl=1&quot;,&quot;id&quot;:&quot;530&quot;,&quot;title&quot;:&quot;IMG_0315b klein&quot;,&quot;alt&quot;:&quot;&quot;,&quot;caption&quot;:&quot;Melina im Spagat&quot;,&quot;itemprop&quot;:&quot;image&quot;},{&quot;src&quot;:&quot;https:\\\/\\\/i0.wp.com\\\/kreative-fotos.com\\\/wp-content\\\/uploads\\\/2017\\\/10\\\/Homepage-neu-18.jpg?fit=640%2C427\\u0026ssl=1&quot;,&quot;id&quot;:&quot;460&quot;,&quot;title&quot;:&quot;Homepage neu (18)&quot;,&quot;alt&quot;:&quot;&quot;,&quot;caption&quot;:&quot;Spagat&quot;,&quot;itemprop&quot;:&quot;image&quot;},{&quot;src&quot;:&quot;https:\\\/\\\/i0.wp.com\\\/kreative-fotos.com\\\/wp-content\\\/uploads\\\/2017\\\/10\\\/Homepage-neu-17.jpg?fit=640%2C427\\u0026ssl=1&quot;,&quot;id&quot;:&quot;459&quot;,&quot;title&quot;:&quot;Homepage neu (17)&quot;,&quot;alt&quot;:&quot;&quot;,&quot;caption&quot;:&quot;Feuerbr\\u00fccke&quot;,&quot;itemprop&quot;:&quot;image&quot;},{&quot;src&quot;:&quot;https:\\\/\\\/i0.wp.com\\\/kreative-fotos.com\\\/wp-content\\\/uploads\\\/2018\\\/09\\\/IMG_8694-Montage-8-1800.jpg?fit=640%2C554\\u0026ssl=1&quot;,&quot;id&quot;:&quot;548&quot;,&quot;title&quot;:&quot;IMG_8694-Montage 8 1800&quot;,&quot;alt&quot;:&quot;&quot;,&quot;caption&quot;:&quot;Sommerwind 2&quot;,&quot;itemprop&quot;:&quot;image&quot;},{&quot;src&quot;:&quot;https:\\\/\\\/i0.wp.com\\\/kreative-fotos.com\\\/wp-content\\\/uploads\\\/2015\\\/08\\\/Galerie-Architektur-Natur-5.jpg?fit=640%2C458\\u0026ssl=1&quot;,&quot;id&quot;:&quot;131&quot;,&quot;title&quot;:&quot;Galerie Architektur, Natur (5)&quot;,&quot;alt&quot;:&quot;&quot;,&quot;caption&quot;:&quot;Vollmond&quot;,&quot;itemprop&quot;:&quot;image&quot;}]\" itemscope itemtype=\"https:\/\/schema.org\/ImageGallery\"><\/div>\n<p><a href=\"https:\/\/i0.wp.com\/kreative-fotos.com\/wp-content\/uploads\/2015\/08\/Selbstportrait-Quadrat.jpg?ssl=1\" data-rel=\"lightbox-image-0\" data-rl_title=\"\" data-rl_caption=\"\" title=\"\"><img loading=\"lazy\" decoding=\"async\" data-attachment-id=\"34\" data-permalink=\"https:\/\/kreative-fotos.com\/?attachment_id=34\" data-orig-file=\"https:\/\/i0.wp.com\/kreative-fotos.com\/wp-content\/uploads\/2015\/08\/Selbstportrait-Quadrat.jpg?fit=1500%2C1500&amp;ssl=1\" data-orig-size=\"1500,1500\" data-comments-opened=\"1\" data-image-meta=\"{&quot;aperture&quot;:&quot;5&quot;,&quot;credit&quot;:&quot;&quot;,&quot;camera&quot;:&quot;Canon EOS-1Ds Mark II&quot;,&quot;caption&quot;:&quot;&quot;,&quot;created_timestamp&quot;:&quot;1345906242&quot;,&quot;copyright&quot;:&quot;&quot;,&quot;focal_length&quot;:&quot;127&quot;,&quot;iso&quot;:&quot;400&quot;,&quot;shutter_speed&quot;:&quot;0.025&quot;,&quot;title&quot;:&quot;&quot;,&quot;orientation&quot;:&quot;1&quot;}\" data-image-title=\"Selbstportrait Quadrat\" data-image-description=\"\" data-image-caption=\"\" data-medium-file=\"https:\/\/i0.wp.com\/kreative-fotos.com\/wp-content\/uploads\/2015\/08\/Selbstportrait-Quadrat.jpg?fit=300%2C300&amp;ssl=1\" data-large-file=\"https:\/\/i0.wp.com\/kreative-fotos.com\/wp-content\/uploads\/2015\/08\/Selbstportrait-Quadrat.jpg?fit=640%2C640&amp;ssl=1\" class=\"alignleft size-medium wp-image-34\" src=\"https:\/\/i0.wp.com\/kreative-fotos.com\/wp-content\/uploads\/2015\/08\/Selbstportrait-Quadrat.jpg?resize=300%2C300&#038;ssl=1\" alt=\"Selbstportrait Quadrat\" width=\"300\" height=\"300\" srcset=\"https:\/\/i0.wp.com\/kreative-fotos.com\/wp-content\/uploads\/2015\/08\/Selbstportrait-Quadrat.jpg?resize=300%2C300&amp;ssl=1 300w, https:\/\/i0.wp.com\/kreative-fotos.com\/wp-content\/uploads\/2015\/08\/Selbstportrait-Quadrat.jpg?resize=150%2C150&amp;ssl=1 150w, https:\/\/i0.wp.com\/kreative-fotos.com\/wp-content\/uploads\/2015\/08\/Selbstportrait-Quadrat.jpg?resize=1024%2C1024&amp;ssl=1 1024w, https:\/\/i0.wp.com\/kreative-fotos.com\/wp-content\/uploads\/2015\/08\/Selbstportrait-Quadrat.jpg?w=1500&amp;ssl=1 1500w, https:\/\/i0.wp.com\/kreative-fotos.com\/wp-content\/uploads\/2015\/08\/Selbstportrait-Quadrat.jpg?w=1280&amp;ssl=1 1280w\" sizes=\"auto, (max-width: 300px) 100vw, 300px\" data-recalc-dims=\"1\" \/><\/a><strong><span style=\"text-decoration: underline;\">Fotografische Arbeitsbereiche:<br \/>\n<\/span><\/strong>Ich arbeite an freien k\u00fcnstlerischen Projekten. Dabei ist manchen F\u00e4llen eine Vereinbarung auf Tfp-Basis m\u00f6glich. Dies ist eine Abk\u00fcrzung aus dem Englischen und bedeutet \u201etime for prints\u201c oder \u201etime for pictures\u201c. Damit ist gemeint, dass Fotograf und Model auf kostenloser Basis zusammenarbeiten und beide die entstandenen Bilder f\u00fcr eigene Zwecke nutzen d\u00fcrfen. Eine gewerbliche Nutzung ist dabei allerdings nicht m\u00f6glich.<br \/>\nAm liebsten arbeite ich in meinem eigenen Studio in Gelsenkirchen.<\/p>\n<p><strong><span style=\"text-decoration: underline;\">\u00a0<\/span><\/strong><\/p>\n<p>&nbsp;<\/p>\n","protected":false},"excerpt":{"rendered":"<p>Willkommen auf meiner Homepage Hier gibt es Bildergalerien und Informationen \u00fcber meine fotografischen Arbeiten. &nbsp; Fotografische Arbeitsbereiche: Ich arbeite an freien k\u00fcnstlerischen Projekten. Dabei ist manchen F\u00e4llen eine Vereinbarung auf Tfp-Basis m\u00f6glich. Dies ist eine Abk\u00fcrzung aus dem Englischen und &hellip; <a href=\"https:\/\/kreative-fotos.com\/\">Weiterlesen <span class=\"meta-nav\">&rarr;<\/span><\/a><\/p>\n","protected":false},"author":2,"featured_media":0,"parent":0,"menu_order":0,"comment_status":"open","ping_status":"closed","template":"onecolumn-page.php","meta":{"ngg_post_thumbnail":0,"jetpack_post_was_ever_published":false,"footnotes":""},"class_list":["post-41","page","type-page","status-publish","hentry"],"aioseo_notices":[],"jetpack_sharing_enabled":true,"jetpack_shortlink":"https:\/\/wp.me\/P5UVtI-F","_links":{"self":[{"href":"https:\/\/kreative-fotos.com\/index.php?rest_route=\/wp\/v2\/pages\/41","targetHints":{"allow":["GET"]}}],"collection":[{"href":"https:\/\/kreative-fotos.com\/index.php?rest_route=\/wp\/v2\/pages"}],"about":[{"href":"https:\/\/kreative-fotos.com\/index.php?rest_route=\/wp\/v2\/types\/page"}],"author":[{"embeddable":true,"href":"https:\/\/kreative-fotos.com\/index.php?rest_route=\/wp\/v2\/users\/2"}],"replies":[{"embeddable":true,"href":"https:\/\/kreative-fotos.com\/index.php?rest_route=%2Fwp%2Fv2%2Fcomments&post=41"}],"version-history":[{"count":25,"href":"https:\/\/kreative-fotos.com\/index.php?rest_route=\/wp\/v2\/pages\/41\/revisions"}],"predecessor-version":[{"id":624,"href":"https:\/\/kreative-fotos.com\/index.php?rest_route=\/wp\/v2\/pages\/41\/revisions\/624"}],"wp:attachment":[{"href":"https:\/\/kreative-fotos.com\/index.php?rest_route=%2Fwp%2Fv2%2Fmedia&parent=41"}],"curies":[{"name":"wp","href":"https:\/\/api.w.org\/{rel}","templated":true}]}}